{"id":118,"date":"2025-07-26T00:14:30","date_gmt":"2025-07-26T00:14:30","guid":{"rendered":"https:\/\/elaletz.com\/labellakita\/?post_type=product&#038;p=118"},"modified":"2025-08-30T02:27:43","modified_gmt":"2025-08-30T02:27:43","slug":"la-bellakita-autografiado","status":"publish","type":"product","link":"https:\/\/elaletz.com\/labellakita\/producto\/la-bellakita-autografiado\/","title":{"rendered":"La Bellakita &#8211; Autograf\u00edado"},"content":{"rendered":"<p>208 p\u00e1ginas<\/p>\n<p>Versi\u00f3n autografiada, personalizable.<\/p>\n<p>La Bellakita es una arriesgada propuesta literaria que recupera elementos prehisp\u00e1nicos, cat\u00f3licos y otros propios de la identidad reguetonera para hablar de la violencia machista y de los tab\u00fas en torno del placer y la amistad. Cuenta la historia de una adolescente que quiere huir de su hogar por los conflictos con su madre. Es una novela construida como una epopeya cl\u00e1sica, aunque el uso del argot propio de una subcultura urbana da un ritmo \u00e1gil a la trama.<\/p>\n<p>&nbsp;<\/p>\n","protected":false},"excerpt":{"rendered":"<p>208 p\u00e1ginas<\/p>\n<p>Versi\u00f3n autografiada, personalizable.<\/p>\n","protected":false},"featured_media":144,"comment_status":"open","ping_status":"closed","template":"","meta":[],"product_brand":[],"product_cat":[19],"product_tag":[],"class_list":{"0":"post-118","1":"product","2":"type-product","3":"status-publish","4":"has-post-thumbnail","6":"product_cat-sin-categorizar","8":"first","9":"instock","10":"featured","11":"shipping-taxable","12":"purchasable","13":"product-type-simple"},"_links":{"self":[{"href":"https:\/\/elaletz.com\/labellakita\/wp-json\/wp\/v2\/product\/118","targetHints":{"allow":["GET"]}}],"collection":[{"href":"https:\/\/elaletz.com\/labellakita\/wp-json\/wp\/v2\/product"}],"about":[{"href":"https:\/\/elaletz.com\/labellakita\/wp-json\/wp\/v2\/types\/product"}],"replies":[{"embeddable":true,"href":"https:\/\/elaletz.com\/labellakita\/wp-json\/wp\/v2\/comments?post=118"}],"wp:featuredmedia":[{"embeddable":true,"href":"https:\/\/elaletz.com\/labellakita\/wp-json\/wp\/v2\/media\/144"}],"wp:attachment":[{"href":"https:\/\/elaletz.com\/labellakita\/wp-json\/wp\/v2\/media?parent=118"}],"wp:term":[{"taxonomy":"product_brand","embeddable":true,"href":"https:\/\/elaletz.com\/labellakita\/wp-json\/wp\/v2\/product_brand?post=118"},{"taxonomy":"product_cat","embeddable":true,"href":"https:\/\/elaletz.com\/labellakita\/wp-json\/wp\/v2\/product_cat?post=118"},{"taxonomy":"product_tag","embeddable":true,"href":"https:\/\/elaletz.com\/labellakita\/wp-json\/wp\/v2\/product_tag?post=118"}],"curies":[{"name":"wp","href":"https:\/\/api.w.org\/{rel}","templated":true}]}}